{"id":1259,"date":"2022-03-07T00:42:12","date_gmt":"2022-03-07T00:42:12","guid":{"rendered":"https:\/\/abrilbarrado.com\/?page_id=1259"},"modified":"2023-05-01T16:24:00","modified_gmt":"2023-05-01T16:24:00","slug":"sintesis-de-anatomia-para-el-diseno","status":"publish","type":"page","link":"https:\/\/abrilbarrado.com\/index.php\/sintesis-de-anatomia-para-el-diseno\/","title":{"rendered":"Dise\u00f1o de animales"},"content":{"rendered":"<p>[et_pb_section fb_built=&#8221;1&#8243; _builder_version=&#8221;4.16&#8243; _module_preset=&#8221;default&#8221; background_enable_color=&#8221;off&#8221; use_background_color_gradient=&#8221;on&#8221; background_color_gradient_direction=&#8221;181deg&#8221; background_color_gradient_stops=&#8221;rgba(0,0,0,0.15) 0%|rgba(0,0,0,0.77) 100%&#8221; background_color_gradient_start=&#8221;rgba(0,0,0,0.15)&#8221; background_color_gradient_end=&#8221;rgba(0,0,0,0.77)&#8221; background_image=&#8221;https:\/\/abrilbarrado.com\/wp-content\/uploads\/2022\/01\/banneryoutube.jpg&#8221; background_position=&#8221;top_center&#8221; background_blend=&#8221;multiply&#8221; height=&#8221;350px&#8221; top_divider_height=&#8221;40px&#8221; bottom_divider_height=&#8221;40px&#8221; bottom_divider_flip=&#8221;vertical&#8221; animation_style=&#8221;slide&#8221; animation_direction=&#8221;top&#8221; animation_duration=&#8221;1200ms&#8221; animation_intensity_slide=&#8221;2%&#8221; global_colors_info=&#8221;{}&#8221;][\/et_pb_section][et_pb_section fb_built=&#8221;1&#8243; _builder_version=&#8221;4.16&#8243; _module_preset=&#8221;default&#8221; custom_padding=&#8221;27px|||||&#8221; global_colors_info=&#8221;{}&#8221;][et_pb_row _builder_version=&#8221;4.16&#8243; _module_preset=&#8221;default&#8221; custom_margin=&#8221;50px|auto||auto||&#8221; locked=&#8221;off&#8221; global_colors_info=&#8221;{}&#8221;][et_pb_column type=&#8221;4_4&#8243; _builder_version=&#8221;4.16&#8243; _module_preset=&#8221;default&#8221; global_colors_info=&#8221;{}&#8221;][et_pb_text _builder_version=&#8221;4.17.4&#8243; _module_preset=&#8221;default&#8221; header_font=&#8221;|300|||||||&#8221; header_text_align=&#8221;left&#8221; header_text_color=&#8221;#E02B20&#8243; header_font_size=&#8221;17px&#8221; custom_margin=&#8221;||0px|||&#8221; animation_style=&#8221;slide&#8221; animation_direction=&#8221;bottom&#8221; animation_duration=&#8221;1100ms&#8221; animation_intensity_slide=&#8221;2%&#8221; border_color_bottom=&#8221;#E02B20&#8243; border_style_bottom=&#8221;dotted&#8221; global_colors_info=&#8221;{}&#8221;]<\/p>\n<h1>DISE\u00d1O DE PERSONAJES ANIMALES<\/h1>\n<p>[\/et_pb_text][\/et_pb_column][\/et_pb_row][et_pb_row _builder_version=&#8221;4.16&#8243; _module_preset=&#8221;default&#8221; custom_padding=&#8221;4px||7px|||&#8221; global_colors_info=&#8221;{}&#8221;][et_pb_column type=&#8221;4_4&#8243; _builder_version=&#8221;4.16&#8243; _module_preset=&#8221;default&#8221; global_colors_info=&#8221;{}&#8221;][et_pb_text _builder_version=&#8221;4.21.0&#8243; _module_preset=&#8221;default&#8221; text_font=&#8221;|300|||||||&#8221; text_text_color=&#8221;#000000&#8243; text_font_size=&#8221;18px&#8221; text_letter_spacing=&#8221;0.1px&#8221; text_orientation=&#8221;justified&#8221; animation_style=&#8221;slide&#8221; animation_direction=&#8221;bottom&#8221; animation_duration=&#8221;1200ms&#8221; animation_delay=&#8221;100ms&#8221; animation_intensity_slide=&#8221;1%&#8221; hover_enabled=&#8221;0&#8243; global_colors_info=&#8221;{}&#8221; sticky_enabled=&#8221;0&#8243;]<\/p>\n<p><span>Modalidad: online, en vivo<\/span><\/p>\n<p><span>Duraci\u00f3n: 2 encuentros, 4 horas<\/span><\/p>\n<p><span>D\u00edas: A confirmar<\/span><\/p>\n<p><span><\/span><span>Requerimientos t\u00e9cnicos: Conexi\u00f3n a internet, cuenta de e-mail e, idealmente, auriculares y webcam.\u00a0<\/span><\/p>\n<p><span>No se necesitan conocimientos previos.<\/span><\/p>\n<p>[\/et_pb_text][\/et_pb_column][\/et_pb_row][et_pb_row _builder_version=&#8221;4.16&#8243; _module_preset=&#8221;default&#8221; locked=&#8221;off&#8221; global_colors_info=&#8221;{}&#8221;][et_pb_column type=&#8221;4_4&#8243; _builder_version=&#8221;4.16&#8243; _module_preset=&#8221;default&#8221; global_colors_info=&#8221;{}&#8221;][et_pb_text _builder_version=&#8221;4.16&#8243; _module_preset=&#8221;default&#8221; header_font=&#8221;|300||on|||||&#8221; header_text_align=&#8221;left&#8221; header_text_color=&#8221;#E02B20&#8243; header_font_size=&#8221;17px&#8221; animation_style=&#8221;slide&#8221; animation_direction=&#8221;bottom&#8221; animation_duration=&#8221;1100ms&#8221; animation_intensity_slide=&#8221;2%&#8221; border_width_bottom=&#8221;0.1px&#8221; border_color_bottom=&#8221;#E02B20&#8243; border_style_bottom=&#8221;dotted&#8221; global_colors_info=&#8221;{}&#8221;]<\/p>\n<h1>Descripci\u00f3n del workshop<\/h1>\n<p>[\/et_pb_text][\/et_pb_column][\/et_pb_row][et_pb_row column_structure=&#8221;1_2,1_2&#8243; _builder_version=&#8221;4.16&#8243; _module_preset=&#8221;default&#8221; global_colors_info=&#8221;{}&#8221;][et_pb_column type=&#8221;1_2&#8243; _builder_version=&#8221;4.16&#8243; _module_preset=&#8221;default&#8221; global_colors_info=&#8221;{}&#8221;][et_pb_image src=&#8221;https:\/\/abrilbarrado.com\/wp-content\/uploads\/2022\/06\/diseno-de-animales-scaled.jpg&#8221; alt=&#8221;Femenina&#8221; title_text=&#8221;dise\u00f1o de animales&#8221; _builder_version=&#8221;4.17.4&#8243; _module_preset=&#8221;default&#8221; module_alignment=&#8221;center&#8221; animation_style=&#8221;fade&#8221; animation_duration=&#8221;1400ms&#8221; animation_delay=&#8221;100ms&#8221; border_radii=&#8221;on|20px|20px|20px|20px&#8221; border_color_all=&#8221;#E02B20&#8243; global_colors_info=&#8221;{}&#8221;][\/et_pb_image][\/et_pb_column][et_pb_column type=&#8221;1_2&#8243; _builder_version=&#8221;4.16&#8243; _module_preset=&#8221;default&#8221; global_colors_info=&#8221;{}&#8221;][et_pb_text _builder_version=&#8221;4.19.1&#8243; _module_preset=&#8221;default&#8221; text_font=&#8221;|300|||||||&#8221; text_text_color=&#8221;#3a3a3a&#8221; text_font_size=&#8221;17px&#8221; text_letter_spacing=&#8221;-0.1px&#8221; text_line_height=&#8221;1.4em&#8221; header_text_color=&#8221;#B3B3B3&#8243; header_3_font=&#8221;|300|||||||&#8221; header_3_text_color=&#8221;#6b6b6b&#8221; header_3_font_size=&#8221;17px&#8221; header_3_letter_spacing=&#8221;-0.1px&#8221; header_3_line_height=&#8221;1.4em&#8221; header_4_font=&#8221;|300|||||||&#8221; header_4_text_color=&#8221;#515151&#8243; header_4_font_size=&#8221;17px&#8221; header_4_letter_spacing=&#8221;-0.1px&#8221; header_4_line_height=&#8221;1.4em&#8221; text_orientation=&#8221;justified&#8221; animation_style=&#8221;slide&#8221; animation_direction=&#8221;bottom&#8221; animation_duration=&#8221;1200ms&#8221; animation_delay=&#8221;150ms&#8221; animation_intensity_slide=&#8221;1%&#8221; global_colors_info=&#8221;{}&#8221;]<\/p>\n<p dir=\"ltr\"><span>Tomando como punto de partida ciertas claves de la anatom\u00eda real de los animales podemos dise\u00f1ar personajes con m\u00e1s seguridad. Observaremos c\u00f3mo los artistas destacados del mundo de la animaci\u00f3n, del c\u00f3mic y la escultura han utilizado la anatom\u00eda real como base y conceptos de comportamiento animal para definir el alma de sus dise\u00f1os.<\/span><\/p>\n<p dir=\"ltr\"><span>Veremos c\u00f3mo utilizar la l\u00ednea de acci\u00f3n, encontrar el equilibrio y definir la construcci\u00f3n de un personaje.<\/span><\/p>\n<p><span>Plan de estudio<\/span><\/p>\n<p dir=\"ltr\"><span>*Aprenderemos a elegir los vol\u00famenes anat\u00f3micos m\u00e1s elementales para el dise\u00f1o de personajes animales.<\/span><\/p>\n<p dir=\"ltr\"><span>*Vamos a analizar los dise\u00f1os de artistas destacados del mundo del cine animado y las artes gr\u00e1ficas.<\/span><\/p>\n<p dir=\"ltr\"><span>*Estudiaremos distintos tipos de animales agrupados en \u00f3rdenes.\u00a0<\/span><\/p>\n<p dir=\"ltr\"><span>*Estudiaremos la l\u00ednea de acci\u00f3n, el equilibrio y la estructura de construcci\u00f3n de un personaje.<\/span><\/p>\n<p>[\/et_pb_text][dnxte_button button_text=&#8221;Inscripci\u00f3n&#8221; button_link=&#8221;@ET-DC@eyJkeW5hbWljIjp0cnVlLCJjb250ZW50IjoicG9zdF9saW5rX3VybF9wYWdlIiwic2V0dGluZ3MiOnsicG9zdF9pZCI6IjIwMSJ9fQ==@&#8221; dnxt_button_alignment=&#8221;left&#8221; btn_show_hide=&#8221;off&#8221; dnxt_hover_bg=&#8221;dnxt-hover-fade&#8221; dnxt_hover_bg_color=&#8221;#E02B20&#8243; dnxt_hover_icons=&#8221;dnxt-hover-icon-wobble-horizontal&#8221; _builder_version=&#8221;4.16&#8243; _dynamic_attributes=&#8221;button_link&#8221; _module_preset=&#8221;default&#8221; btn_fonts_font=&#8221;|300|||||||&#8221; btn_fonts_text_color=&#8221;#E02B20&#8243; btn_fonts_font_size=&#8221;15px&#8221; background_color=&#8221;RGBA(255,255,255,0)&#8221; custom_margin=&#8221;||20px||false|false&#8221; animation_style=&#8221;slide&#8221; animation_direction=&#8221;bottom&#8221; animation_duration=&#8221;1100ms&#8221; animation_delay=&#8221;100ms&#8221; animation_intensity_slide=&#8221;3%&#8221; border_radii_btn_border=&#8221;on|5px|5px|5px|5px&#8221; border_width_all_btn_border=&#8221;2px&#8221; border_color_all_btn_border=&#8221;#E02B20&#8243; locked=&#8221;off&#8221; global_colors_info=&#8221;{}&#8221; background__hover_enabled=&#8221;on|desktop&#8221; background_color__hover=&#8221;RGBA(255,255,255,0)&#8221; background_enable_color__hover=&#8221;on&#8221; btn_icon_color__hover_enabled=&#8221;on|hover&#8221; btn_icon_color__hover=&#8221;#E02B20&#8243; btn_fonts_text_color__hover_enabled=&#8221;on|desktop&#8221; btn_fonts_text_color__hover=&#8221;#FFFFFF&#8221; border_radii_btn_border__hover_enabled=&#8221;on|hover&#8221; border_radii_btn_border__hover=&#8221;on|7px|7px|7px|7px&#8221;][\/dnxte_button][\/et_pb_column][\/et_pb_row][\/et_pb_section]<\/p>\n","protected":false},"excerpt":{"rendered":"<p>DISE\u00d1O DE PERSONAJES ANIMALESModalidad: online, en vivo Duraci\u00f3n: 2 encuentros, 4 horas D\u00edas: A confirmar Requerimientos t\u00e9cnicos: Conexi\u00f3n a internet, cuenta de e-mail e, idealmente, auriculares y webcam.\u00a0 No se necesitan conocimientos previos.Descripci\u00f3n del workshopTomando como punto de partida ciertas claves de la anatom\u00eda real de los animales podemos dise\u00f1ar personajes con m\u00e1s seguridad. Observaremos [&hellip;]<\/p>\n","protected":false},"author":1,"featured_media":0,"parent":0,"menu_order":0,"comment_status":"closed","ping_status":"closed","template":"","meta":{"_et_pb_use_builder":"on","_et_pb_old_content":"","_et_gb_content_width":"","_joinchat":[],"footnotes":""},"class_list":["post-1259","page","type-page","status-publish","hentry"],"_links":{"self":[{"href":"https:\/\/abrilbarrado.com\/index.php\/wp-json\/wp\/v2\/pages\/1259","targetHints":{"allow":["GET"]}}],"collection":[{"href":"https:\/\/abrilbarrado.com\/index.php\/wp-json\/wp\/v2\/pages"}],"about":[{"href":"https:\/\/abrilbarrado.com\/index.php\/wp-json\/wp\/v2\/types\/page"}],"author":[{"embeddable":true,"href":"https:\/\/abrilbarrado.com\/index.php\/wp-json\/wp\/v2\/users\/1"}],"replies":[{"embeddable":true,"href":"https:\/\/abrilbarrado.com\/index.php\/wp-json\/wp\/v2\/comments?post=1259"}],"version-history":[{"count":11,"href":"https:\/\/abrilbarrado.com\/index.php\/wp-json\/wp\/v2\/pages\/1259\/revisions"}],"predecessor-version":[{"id":2382,"href":"https:\/\/abrilbarrado.com\/index.php\/wp-json\/wp\/v2\/pages\/1259\/revisions\/2382"}],"wp:attachment":[{"href":"https:\/\/abrilbarrado.com\/index.php\/wp-json\/wp\/v2\/media?parent=1259"}],"curies":[{"name":"wp","href":"https:\/\/api.w.org\/{rel}","templated":true}]}}