{"id":2617,"date":"2023-11-28T12:37:44","date_gmt":"2023-11-28T12:37:44","guid":{"rendered":"https:\/\/abrilbarrado.com\/?page_id=2617"},"modified":"2023-11-28T12:38:05","modified_gmt":"2023-11-28T12:38:05","slug":"anatomia-real-edades-del-ser-humano","status":"publish","type":"page","link":"https:\/\/abrilbarrado.com\/index.php\/anatomia-real-edades-del-ser-humano\/","title":{"rendered":"Anatom\u00eda Real &#038; Edades del ser humano"},"content":{"rendered":"<p>[et_pb_section fb_built=&#8221;1&#8243; _builder_version=&#8221;4.16&#8243; _module_preset=&#8221;default&#8221; background_enable_color=&#8221;off&#8221; use_background_color_gradient=&#8221;on&#8221; background_color_gradient_direction=&#8221;181deg&#8221; background_color_gradient_stops=&#8221;rgba(0,0,0,0.15) 0%|rgba(0,0,0,0.77) 100%&#8221; background_color_gradient_start=&#8221;rgba(0,0,0,0.15)&#8221; background_color_gradient_end=&#8221;rgba(0,0,0,0.77)&#8221; background_image=&#8221;https:\/\/abrilbarrado.com\/wp-content\/uploads\/2022\/01\/banneryoutube.jpg&#8221; background_position=&#8221;top_center&#8221; background_blend=&#8221;multiply&#8221; height=&#8221;350px&#8221; top_divider_height=&#8221;40px&#8221; bottom_divider_height=&#8221;40px&#8221; bottom_divider_flip=&#8221;vertical&#8221; animation_style=&#8221;slide&#8221; animation_direction=&#8221;top&#8221; animation_duration=&#8221;1200ms&#8221; animation_intensity_slide=&#8221;2%&#8221; global_colors_info=&#8221;{}&#8221; theme_builder_area=&#8221;post_content&#8221;][\/et_pb_section][et_pb_section fb_built=&#8221;1&#8243; _builder_version=&#8221;4.16&#8243; _module_preset=&#8221;default&#8221; custom_padding=&#8221;27px|||||&#8221; global_colors_info=&#8221;{}&#8221; theme_builder_area=&#8221;post_content&#8221;][et_pb_row _builder_version=&#8221;4.16&#8243; _module_preset=&#8221;default&#8221; custom_margin=&#8221;50px|auto||auto||&#8221; locked=&#8221;off&#8221; global_colors_info=&#8221;{}&#8221; theme_builder_area=&#8221;post_content&#8221;][et_pb_column type=&#8221;4_4&#8243; _builder_version=&#8221;4.16&#8243; _module_preset=&#8221;default&#8221; global_colors_info=&#8221;{}&#8221; theme_builder_area=&#8221;post_content&#8221;][et_pb_text _builder_version=&#8221;4.23.1&#8243; _module_preset=&#8221;default&#8221; header_font=&#8221;|300|||||||&#8221; header_text_align=&#8221;left&#8221; header_text_color=&#8221;#E02B20&#8243; header_font_size=&#8221;17px&#8221; custom_margin=&#8221;||0px|||&#8221; animation_style=&#8221;slide&#8221; animation_direction=&#8221;bottom&#8221; animation_duration=&#8221;1100ms&#8221; animation_intensity_slide=&#8221;2%&#8221; hover_enabled=&#8221;0&#8243; border_color_bottom=&#8221;#E02B20&#8243; border_style_bottom=&#8221;dotted&#8221; global_colors_info=&#8221;{}&#8221; theme_builder_area=&#8221;post_content&#8221; sticky_enabled=&#8221;0&#8243;]<\/p>\n<h1>ANATOM\u00cdA REAL &amp; EDADES DEL SER HUMANO<\/h1>\n<p>[\/et_pb_text][\/et_pb_column][\/et_pb_row][et_pb_row _builder_version=&#8221;4.16&#8243; _module_preset=&#8221;default&#8221; custom_padding=&#8221;4px||7px|||&#8221; global_colors_info=&#8221;{}&#8221; theme_builder_area=&#8221;post_content&#8221;][et_pb_column type=&#8221;4_4&#8243; _builder_version=&#8221;4.16&#8243; _module_preset=&#8221;default&#8221; global_colors_info=&#8221;{}&#8221; theme_builder_area=&#8221;post_content&#8221;][et_pb_text _builder_version=&#8221;4.23.1&#8243; _module_preset=&#8221;default&#8221; text_font=&#8221;|300|||||||&#8221; text_text_color=&#8221;#000000&#8243; text_font_size=&#8221;18px&#8221; text_letter_spacing=&#8221;0.1px&#8221; text_orientation=&#8221;justified&#8221; animation_style=&#8221;slide&#8221; animation_direction=&#8221;bottom&#8221; animation_duration=&#8221;1200ms&#8221; animation_delay=&#8221;100ms&#8221; animation_intensity_slide=&#8221;1%&#8221; hover_enabled=&#8221;0&#8243; global_colors_info=&#8221;{}&#8221; theme_builder_area=&#8221;post_content&#8221; sticky_enabled=&#8221;0&#8243;]<\/p>\n<p><span>Fecha de inicio: 16 de enero al 5 de marzo 2024<\/span><\/p>\n<p><span>Nivel Avanzado<\/span><\/p>\n<p>Modalidad: online, en vivo<\/p>\n<p>Clase semanal: 1<\/p>\n<p>Carga horaria: 2 horas<\/p>\n<p>Duraci\u00f3n: 8 clases, 16 horas &#8211; &#8211; (2 meses)<\/p>\n<p><span>D\u00edas: Martes\u00a0<\/span><span>\u2013\u00a0<\/span><span>19 a 21h (ARG)<\/span><\/p>\n<p>Requerimientos t\u00e9cnicos: Conexi\u00f3n a internet, cuenta de e-mail e, idealmente, auriculares y webcam.<\/p>\n<p>Se necesitan conocimientos previos de anatom\u00eda humana..<\/p>\n<p>[\/et_pb_text][\/et_pb_column][\/et_pb_row][et_pb_row _builder_version=&#8221;4.16&#8243; _module_preset=&#8221;default&#8221; locked=&#8221;off&#8221; global_colors_info=&#8221;{}&#8221; theme_builder_area=&#8221;post_content&#8221;][et_pb_column type=&#8221;4_4&#8243; _builder_version=&#8221;4.16&#8243; _module_preset=&#8221;default&#8221; global_colors_info=&#8221;{}&#8221; theme_builder_area=&#8221;post_content&#8221;][et_pb_text _builder_version=&#8221;4.16&#8243; _module_preset=&#8221;default&#8221; header_font=&#8221;|300||on|||||&#8221; header_text_align=&#8221;left&#8221; header_text_color=&#8221;#E02B20&#8243; header_font_size=&#8221;17px&#8221; animation_style=&#8221;slide&#8221; animation_direction=&#8221;bottom&#8221; animation_duration=&#8221;1100ms&#8221; animation_intensity_slide=&#8221;2%&#8221; border_width_bottom=&#8221;0.1px&#8221; border_color_bottom=&#8221;#E02B20&#8243; border_style_bottom=&#8221;dotted&#8221; global_colors_info=&#8221;{}&#8221; theme_builder_area=&#8221;post_content&#8221;]<\/p>\n<h1>Descripci\u00f3n del curso<\/h1>\n<p>[\/et_pb_text][\/et_pb_column][\/et_pb_row][et_pb_row column_structure=&#8221;1_2,1_2&#8243; _builder_version=&#8221;4.16&#8243; _module_preset=&#8221;default&#8221; global_colors_info=&#8221;{}&#8221; theme_builder_area=&#8221;post_content&#8221;][et_pb_column type=&#8221;1_2&#8243; _builder_version=&#8221;4.16&#8243; _module_preset=&#8221;default&#8221; global_colors_info=&#8221;{}&#8221; theme_builder_area=&#8221;post_content&#8221;][et_pb_image src=&#8221;https:\/\/abrilbarrado.com\/wp-content\/uploads\/2023\/11\/Portada-Anatomia-real-y-edades-del-ser-humano-scaled.jpg&#8221; title_text=&#8221;Portada-Anatomi\u0301a real y edades del ser humano&#8221; _builder_version=&#8221;4.23.1&#8243; _module_preset=&#8221;default&#8221; module_alignment=&#8221;center&#8221; animation_style=&#8221;fade&#8221; animation_duration=&#8221;1400ms&#8221; animation_delay=&#8221;100ms&#8221; hover_enabled=&#8221;0&#8243; border_radii=&#8221;on|20px|20px|20px|20px&#8221; border_color_all=&#8221;#E02B20&#8243; box_shadow_style=&#8221;preset1&#8243; global_colors_info=&#8221;{}&#8221; theme_builder_area=&#8221;post_content&#8221; sticky_enabled=&#8221;0&#8243;][\/et_pb_image][\/et_pb_column][et_pb_column type=&#8221;1_2&#8243; _builder_version=&#8221;4.16&#8243; _module_preset=&#8221;default&#8221; global_colors_info=&#8221;{}&#8221; theme_builder_area=&#8221;post_content&#8221;][et_pb_text _builder_version=&#8221;4.23.1&#8243; _module_preset=&#8221;default&#8221; text_font=&#8221;|300|||||||&#8221; text_text_color=&#8221;#3a3a3a&#8221; text_font_size=&#8221;17px&#8221; text_letter_spacing=&#8221;-0.1px&#8221; text_line_height=&#8221;1.4em&#8221; header_text_color=&#8221;#B3B3B3&#8243; header_3_font=&#8221;|300|||||||&#8221; header_3_text_color=&#8221;#6b6b6b&#8221; header_3_font_size=&#8221;17px&#8221; header_3_letter_spacing=&#8221;-0.1px&#8221; header_3_line_height=&#8221;1.4em&#8221; header_4_font=&#8221;|300|||||||&#8221; header_4_text_color=&#8221;#515151&#8243; header_4_font_size=&#8221;17px&#8221; header_4_letter_spacing=&#8221;-0.1px&#8221; header_4_line_height=&#8221;1.4em&#8221; text_orientation=&#8221;justified&#8221; animation_style=&#8221;slide&#8221; animation_direction=&#8221;bottom&#8221; animation_duration=&#8221;1200ms&#8221; animation_delay=&#8221;150ms&#8221; animation_intensity_slide=&#8221;1%&#8221; hover_enabled=&#8221;0&#8243; global_colors_info=&#8221;{}&#8221; theme_builder_area=&#8221;post_content&#8221; sticky_enabled=&#8221;0&#8243;]<\/p>\n<p>\u00bfTe gustar\u00eda dibujar o modelar gente real? Siempre que aprendemos anatom\u00eda observamos cuerpos atl\u00e9ticos para reconocer el recorrido de los grupos musculares. Pero muchas veces olvidamos estudiar la gran cantidad de variables que la figura humana ofrece, ya sea femenina o masculina y c\u00f3mo cambia nuestro cuerpo a trav\u00e9s del tiempo.<\/p>\n<p>En \u00e9ste curso intensivo vamos a repasar la anatom\u00eda muscular para reconocer patrones y variables dentro del cuerpo humano.<\/p>\n<p>Estudiaremos distintos tipos de cuerpos y c\u00f3mo surgen \u00e9stas diferencias. Vamos a descubrir esas zonas donde la grasa corporal se desarrolla y qu\u00e9 tipos de grasa podemos encontrar.<\/p>\n<p>Me gustar\u00eda mostrarte tambi\u00e9n la fascinante transformaci\u00f3n f\u00edsica que experimentamos a lo largo de nuestra vida.C\u00f3mo cambia nuestro cuerpo desde la primera infancia hasta la vejez. Voy a ense\u00f1arte tips para poder dibujar gente real en poses din\u00e1micas y c\u00f3mo se comportan las masas en funci\u00f3n a la gravedad.<\/p>\n<p>El curso incluye material te\u00f3rico. Nuestros encuentros ser\u00e1n v\u00eda Zoom, una vez por semana. Cada clase ser\u00e1 grabada y compartida para uso exclusivo del alumno, junto con el material expuesto.<\/p>\n<p>[\/et_pb_text][dnxte_button button_text=&#8221;Inscripci\u00f3n&#8221; button_link=&#8221;@ET-DC@eyJkeW5hbWljIjp0cnVlLCJjb250ZW50IjoicG9zdF9saW5rX3VybF9wYWdlIiwic2V0dGluZ3MiOnsicG9zdF9pZCI6IjIwMSJ9fQ==@&#8221; dnxt_button_alignment=&#8221;left&#8221; btn_show_hide=&#8221;off&#8221; dnxt_hover_bg=&#8221;dnxt-hover-fade&#8221; dnxt_hover_bg_color=&#8221;#E02B20&#8243; dnxt_hover_icons=&#8221;dnxt-hover-icon-wobble-horizontal&#8221; _builder_version=&#8221;4.16.1&#8243; _dynamic_attributes=&#8221;button_link&#8221; _module_preset=&#8221;default&#8221; btn_fonts_font=&#8221;|300|||||||&#8221; btn_fonts_text_color=&#8221;#E02B20&#8243; btn_fonts_font_size=&#8221;15px&#8221; background_color=&#8221;RGBA(255,255,255,0)&#8221; custom_margin=&#8221;||20px||false|false&#8221; animation_style=&#8221;slide&#8221; animation_direction=&#8221;bottom&#8221; animation_duration=&#8221;1100ms&#8221; animation_delay=&#8221;100ms&#8221; animation_intensity_slide=&#8221;3%&#8221; border_radii_btn_border=&#8221;on|5px|5px|5px|5px&#8221; border_width_all_btn_border=&#8221;2px&#8221; border_color_all_btn_border=&#8221;#E02B20&#8243; locked=&#8221;off&#8221; global_colors_info=&#8221;{}&#8221; background__hover_enabled=&#8221;on|desktop&#8221; background_color__hover=&#8221;RGBA(255,255,255,0)&#8221; background_enable_color__hover=&#8221;on&#8221; btn_icon_color__hover_enabled=&#8221;on|hover&#8221; btn_icon_color__hover=&#8221;#E02B20&#8243; btn_fonts_text_color__hover_enabled=&#8221;on|desktop&#8221; btn_fonts_text_color__hover=&#8221;#FFFFFF&#8221; border_radii_btn_border__hover_enabled=&#8221;on|hover&#8221; border_radii_btn_border__hover=&#8221;on|7px|7px|7px|7px&#8221; theme_builder_area=&#8221;post_content&#8221;][\/dnxte_button][\/et_pb_column][\/et_pb_row][\/et_pb_section]<\/p>\n","protected":false},"excerpt":{"rendered":"<p>ANATOM\u00cdA REAL &amp; EDADES DEL SER HUMANOFecha de inicio: 16 de enero al 5 de marzo 2024 Nivel Avanzado Modalidad: online, en vivo Clase semanal: 1 Carga horaria: 2 horas Duraci\u00f3n: 8 clases, 16 horas &#8211; &#8211; (2 meses) D\u00edas: Martes\u00a0\u2013\u00a019 a 21h (ARG) Requerimientos t\u00e9cnicos: Conexi\u00f3n a internet, cuenta de e-mail e, idealmente, auriculares [&hellip;]<\/p>\n","protected":false},"author":1,"featured_media":0,"parent":0,"menu_order":0,"comment_status":"closed","ping_status":"closed","template":"","meta":{"_et_pb_use_builder":"on","_et_pb_old_content":"","_et_gb_content_width":"","_joinchat":[],"footnotes":""},"class_list":["post-2617","page","type-page","status-publish","hentry"],"_links":{"self":[{"href":"https:\/\/abrilbarrado.com\/index.php\/wp-json\/wp\/v2\/pages\/2617","targetHints":{"allow":["GET"]}}],"collection":[{"href":"https:\/\/abrilbarrado.com\/index.php\/wp-json\/wp\/v2\/pages"}],"about":[{"href":"https:\/\/abrilbarrado.com\/index.php\/wp-json\/wp\/v2\/types\/page"}],"author":[{"embeddable":true,"href":"https:\/\/abrilbarrado.com\/index.php\/wp-json\/wp\/v2\/users\/1"}],"replies":[{"embeddable":true,"href":"https:\/\/abrilbarrado.com\/index.php\/wp-json\/wp\/v2\/comments?post=2617"}],"version-history":[{"count":2,"href":"https:\/\/abrilbarrado.com\/index.php\/wp-json\/wp\/v2\/pages\/2617\/revisions"}],"predecessor-version":[{"id":2620,"href":"https:\/\/abrilbarrado.com\/index.php\/wp-json\/wp\/v2\/pages\/2617\/revisions\/2620"}],"wp:attachment":[{"href":"https:\/\/abrilbarrado.com\/index.php\/wp-json\/wp\/v2\/media?parent=2617"}],"curies":[{"name":"wp","href":"https:\/\/api.w.org\/{rel}","templated":true}]}}