{"id":38,"date":"2021-10-31T14:40:05","date_gmt":"2021-10-31T14:40:05","guid":{"rendered":"https:\/\/abrilbarrado.com\/?page_id=38"},"modified":"2023-07-18T17:26:17","modified_gmt":"2023-07-18T17:26:17","slug":"inicio","status":"publish","type":"page","link":"https:\/\/abrilbarrado.com\/","title":{"rendered":"Inicio"},"content":{"rendered":"<p>[et_pb_section fb_built=&#8221;1&#8243; _builder_version=&#8221;4.16&#8243; _module_preset=&#8221;default&#8221; background_color=&#8221;#FFFFFF&#8221; background_image=&#8221;https:\/\/abrilbarrado.com\/wp-content\/uploads\/2022\/03\/portada-inicio.jpg&#8221; background_size=&#8221;contain&#8221; width=&#8221;100%&#8221; height=&#8221;699px&#8221; height_tablet=&#8221;504px&#8221; height_phone=&#8221;504px&#8221; height_last_edited=&#8221;on|desktop&#8221; top_divider_color=&#8221;rgba(224,43,32,0.08)&#8221; top_divider_height=&#8221;10px&#8221; bottom_divider_color=&#8221;rgba(224,43,32,0.08)&#8221; bottom_divider_height=&#8221;10px&#8221; animation_style=&#8221;slide&#8221; animation_direction=&#8221;top&#8221; animation_duration=&#8221;1200ms&#8221; animation_intensity_slide=&#8221;2%&#8221; border_color_top=&#8221;#000000&#8243; global_colors_info=&#8221;{}&#8221;][\/et_pb_section][et_pb_section fb_built=&#8221;1&#8243; _builder_version=&#8221;4.16&#8243; _module_preset=&#8221;default&#8221; global_colors_info=&#8221;{}&#8221;][et_pb_row _builder_version=&#8221;4.16&#8243; _module_preset=&#8221;default&#8221; global_colors_info=&#8221;{}&#8221;][et_pb_column type=&#8221;4_4&#8243; _builder_version=&#8221;4.16&#8243; _module_preset=&#8221;default&#8221; global_colors_info=&#8221;{}&#8221;][et_pb_text _builder_version=&#8221;4.16&#8243; _module_preset=&#8221;default&#8221; text_font=&#8221;|300|||||||&#8221; text_text_color=&#8221;#000000&#8243; text_font_size=&#8221;17px&#8221; text_orientation=&#8221;justified&#8221; animation_style=&#8221;slide&#8221; animation_direction=&#8221;bottom&#8221; animation_delay=&#8221;200ms&#8221; animation_intensity_slide=&#8221;2%&#8221; global_colors_info=&#8221;{}&#8221;]<\/p>\n<p>Anatom\u00eda para escultores, dibujantes, ilustradores, tatuadores y toda persona interesada en anatom\u00eda humana y animal.<\/p>\n<p>El estudio de la anatom\u00eda es de gran ayuda para hacer frente a las dificultades que implica la representaci\u00f3n de una figura realista. Sin embargo, la teor\u00eda puede parecer un poco abrumadora y dif\u00edcil de aplicar a un dibujo o un modelado.<\/p>\n<p>A lo largo de casi 20 a\u00f1os de docencia, hemos desarrollado un m\u00e9todo para acercarte de manera did\u00e1ctica y divertida todo lo que necesit\u00e1s saber para tener una base s\u00f3lida de anatom\u00eda, que te permitir\u00e1 desarrollar tu estilo con la seguridad y la libertad que ofrece el conocimiento concreto.<\/p>\n<p>En nuestra escuela confiamos en la importancia de conservar las bases cl\u00e1sicas, en el estudio serio y profundo de la anatom\u00eda y en una modalidad de trabajo especialmente pensada para artistas profesionales y aficionados de las artes en general.<\/p>\n<p>[\/et_pb_text][\/et_pb_column][\/et_pb_row][et_pb_row column_structure=&#8221;2_3,1_3&#8243; _builder_version=&#8221;4.16&#8243; _module_preset=&#8221;default&#8221; locked=&#8221;off&#8221; global_colors_info=&#8221;{}&#8221;][et_pb_column type=&#8221;2_3&#8243; _builder_version=&#8221;4.16&#8243; _module_preset=&#8221;default&#8221; global_colors_info=&#8221;{}&#8221;][et_pb_image src=&#8221;https:\/\/abrilbarrado.com\/wp-content\/uploads\/2022\/01\/IMG_3416-scaled.jpg&#8221; title_text=&#8221;IMG_3416&#8243; _builder_version=&#8221;4.16&#8243; _module_preset=&#8221;default&#8221; animation_style=&#8221;slide&#8221; animation_direction=&#8221;left&#8221; animation_duration=&#8221;1150ms&#8221; animation_delay=&#8221;100ms&#8221; animation_intensity_slide=&#8221;2%&#8221; border_radii=&#8221;on|10px|10px|10px|10px&#8221; global_colors_info=&#8221;{}&#8221;][\/et_pb_image][\/et_pb_column][et_pb_column type=&#8221;1_3&#8243; _builder_version=&#8221;4.16&#8243; _module_preset=&#8221;default&#8221; global_colors_info=&#8221;{}&#8221;][et_pb_text _builder_version=&#8221;4.21.0&#8243; _module_preset=&#8221;default&#8221; text_font=&#8221;|300|||||||&#8221; text_font_size=&#8221;17px&#8221; custom_margin=&#8221;||1px||false|false&#8221; custom_padding=&#8221;||0px|||&#8221; locked=&#8221;off&#8221; global_colors_info=&#8221;{}&#8221;]<\/p>\n<p>Desde hace m\u00e1s de 20 a\u00f1os desarrollando m\u00e9todos para acercarte de manera did\u00e1ctica y divertida todo lo que necesit\u00e1s saber para tener una base s\u00f3lida de anatom\u00eda.<\/p>\n<p>&nbsp;<\/p>\n<p>[\/et_pb_text][dnxte_button button_text=&#8221;M\u00e1s sobre nosotros&#8221; button_link=&#8221;@ET-DC@eyJkeW5hbWljIjp0cnVlLCJjb250ZW50IjoicG9zdF9saW5rX3VybF9wYWdlIiwic2V0dGluZ3MiOnsicG9zdF9pZCI6IjUwMSJ9fQ==@&#8221; dnxt_button_alignment=&#8221;left&#8221; btn_show_hide=&#8221;off&#8221; dnxt_hover_bg=&#8221;dnxt-hover-fade&#8221; dnxt_hover_bg_color=&#8221;#E02B20&#8243; dnxt_hover_icons=&#8221;dnxt-hover-icon-wobble-horizontal&#8221; _builder_version=&#8221;4.16&#8243; _dynamic_attributes=&#8221;button_link&#8221; _module_preset=&#8221;default&#8221; btn_fonts_font=&#8221;|300|||||||&#8221; btn_fonts_text_color=&#8221;#E02B20&#8243; btn_fonts_font_size=&#8221;15px&#8221; background_color=&#8221;RGBA(255,255,255,0)&#8221; custom_margin=&#8221;||10px||false|false&#8221; animation_style=&#8221;slide&#8221; animation_direction=&#8221;bottom&#8221; animation_duration=&#8221;1100ms&#8221; animation_delay=&#8221;100ms&#8221; animation_intensity_slide=&#8221;3%&#8221; border_radii_btn_border=&#8221;on|5px|5px|5px|5px&#8221; border_width_all_btn_border=&#8221;2px&#8221; border_color_all_btn_border=&#8221;#E02B20&#8243; locked=&#8221;off&#8221; global_colors_info=&#8221;{}&#8221; background__hover_enabled=&#8221;on|desktop&#8221; background_color__hover=&#8221;RGBA(255,255,255,0)&#8221; background_enable_color__hover=&#8221;on&#8221; btn_icon_color__hover_enabled=&#8221;on|hover&#8221; btn_icon_color__hover=&#8221;#E02B20&#8243; btn_fonts_text_color__hover_enabled=&#8221;on|desktop&#8221; btn_fonts_text_color__hover=&#8221;#FFFFFF&#8221; border_radii_btn_border__hover_enabled=&#8221;on|hover&#8221; border_radii_btn_border__hover=&#8221;on|7px|7px|7px|7px&#8221;][\/dnxte_button][et_pb_text _builder_version=&#8221;4.17.4&#8243; _module_preset=&#8221;default&#8221; text_font=&#8221;|300|||||||&#8221; text_font_size=&#8221;17px&#8221; locked=&#8221;off&#8221; global_colors_info=&#8221;{}&#8221;]<\/p>\n<p>Pod\u00e9s ponerte en contacto con nosotros para aclarar cualquier duda a trav\u00e9s de nuestro chat o correo electr\u00f3nico.<\/p>\n<p>[\/et_pb_text][\/et_pb_column][\/et_pb_row][\/et_pb_section]<\/p>\n","protected":false},"excerpt":{"rendered":"<p>Anatom\u00eda para escultores, dibujantes, ilustradores, tatuadores y toda persona interesada en anatom\u00eda humana y animal. El estudio de la anatom\u00eda es de gran ayuda para hacer frente a las dificultades que implica la representaci\u00f3n de una figura realista. Sin embargo, la teor\u00eda puede parecer un poco abrumadora y dif\u00edcil de aplicar a un dibujo o [&hellip;]<\/p>\n","protected":false},"author":1,"featured_media":0,"parent":0,"menu_order":0,"comment_status":"closed","ping_status":"closed","template":"","meta":{"_et_pb_use_builder":"on","_et_pb_old_content":"","_et_gb_content_width":"","_joinchat":[],"footnotes":""},"class_list":["post-38","page","type-page","status-publish","hentry"],"_links":{"self":[{"href":"https:\/\/abrilbarrado.com\/index.php\/wp-json\/wp\/v2\/pages\/38","targetHints":{"allow":["GET"]}}],"collection":[{"href":"https:\/\/abrilbarrado.com\/index.php\/wp-json\/wp\/v2\/pages"}],"about":[{"href":"https:\/\/abrilbarrado.com\/index.php\/wp-json\/wp\/v2\/types\/page"}],"author":[{"embeddable":true,"href":"https:\/\/abrilbarrado.com\/index.php\/wp-json\/wp\/v2\/users\/1"}],"replies":[{"embeddable":true,"href":"https:\/\/abrilbarrado.com\/index.php\/wp-json\/wp\/v2\/comments?post=38"}],"version-history":[{"count":78,"href":"https:\/\/abrilbarrado.com\/index.php\/wp-json\/wp\/v2\/pages\/38\/revisions"}],"predecessor-version":[{"id":2528,"href":"https:\/\/abrilbarrado.com\/index.php\/wp-json\/wp\/v2\/pages\/38\/revisions\/2528"}],"wp:attachment":[{"href":"https:\/\/abrilbarrado.com\/index.php\/wp-json\/wp\/v2\/media?parent=38"}],"curies":[{"name":"wp","href":"https:\/\/api.w.org\/{rel}","templated":true}]}}