{"id":507,"date":"2022-01-19T19:12:34","date_gmt":"2022-01-19T19:12:34","guid":{"rendered":"https:\/\/abrilbarrado.com\/?page_id=507"},"modified":"2022-03-08T03:27:24","modified_gmt":"2022-03-08T03:27:24","slug":"jams-con-modelo-vivo","status":"publish","type":"page","link":"https:\/\/abrilbarrado.com\/index.php\/jams-con-modelo-vivo\/","title":{"rendered":"Jams con modelo vivo"},"content":{"rendered":"<p>[et_pb_section fb_built=&#8221;1&#8243; _builder_version=&#8221;4.14.7&#8243; _module_preset=&#8221;default&#8221; background_enable_color=&#8221;off&#8221; background_color_gradient_start=&#8221;#ffffff&#8221; background_color_gradient_end=&#8221;#ffffff&#8221; background_color_gradient_direction=&#8221;181deg&#8221; background_image=&#8221;https:\/\/abrilbarrado.com\/wp-content\/uploads\/2022\/01\/IMG_3402-1-scaled.jpg&#8221; height=&#8221;600px&#8221; height_tablet=&#8221;400px&#8221; height_phone=&#8221;400px&#8221; height_last_edited=&#8221;on|desktop&#8221; top_divider_height=&#8221;30px&#8221; bottom_divider_color=&#8221;#FFFFFF&#8221; bottom_divider_height=&#8221;47px&#8221; animation_style=&#8221;slide&#8221; animation_direction=&#8221;top&#8221; animation_duration=&#8221;1200ms&#8221; animation_intensity_slide=&#8221;2%&#8221; locked=&#8221;off&#8221; global_colors_info=&#8221;{}&#8221;][\/et_pb_section][et_pb_section fb_built=&#8221;1&#8243; _builder_version=&#8221;4.14.6&#8243; _module_preset=&#8221;default&#8221; custom_padding=&#8221;24px||6px|||&#8221; global_colors_info=&#8221;{}&#8221;][et_pb_row _builder_version=&#8221;4.14.6&#8243; _module_preset=&#8221;default&#8221; custom_margin=&#8221;16px|auto||auto||&#8221; locked=&#8221;off&#8221; global_colors_info=&#8221;{}&#8221;][et_pb_column type=&#8221;4_4&#8243; _builder_version=&#8221;4.14.6&#8243; _module_preset=&#8221;default&#8221; global_colors_info=&#8221;{}&#8221;][et_pb_text _builder_version=&#8221;4.14.8&#8243; _module_preset=&#8221;default&#8221; text_font=&#8221;|300||on|||||&#8221; text_text_color=&#8221;#E02B20&#8243; text_font_size=&#8221;17px&#8221; text_letter_spacing=&#8221;2px&#8221; custom_padding=&#8221;||||false|false&#8221; custom_padding_tablet=&#8221;|||15px|false|false&#8221; custom_padding_phone=&#8221;|||15px|false|false&#8221; custom_padding_last_edited=&#8221;on|desktop&#8221; animation_style=&#8221;slide&#8221; animation_direction=&#8221;bottom&#8221; animation_duration=&#8221;900ms&#8221; animation_intensity_slide=&#8221;5%&#8221; locked=&#8221;off&#8221; global_colors_info=&#8221;{}&#8221;]<\/p>\n<p>jams con modelo vivo<\/p>\n<p>[\/et_pb_text][\/et_pb_column][\/et_pb_row][et_pb_row _builder_version=&#8221;4.14.6&#8243; _module_preset=&#8221;default&#8221; custom_padding=&#8221;||5px|||&#8221; global_colors_info=&#8221;{}&#8221;][et_pb_column type=&#8221;4_4&#8243; _builder_version=&#8221;4.14.6&#8243; _module_preset=&#8221;default&#8221; global_colors_info=&#8221;{}&#8221;][et_pb_text _builder_version=&#8221;4.14.7&#8243; _module_preset=&#8221;default&#8221; text_font=&#8221;|300|||||||&#8221; text_text_color=&#8221;#000000&#8243; text_font_size=&#8221;17px&#8221; text_orientation=&#8221;justified&#8221; custom_padding=&#8221;||40px||false|false&#8221; animation_style=&#8221;slide&#8221; animation_direction=&#8221;bottom&#8221; animation_duration=&#8221;1200ms&#8221; animation_intensity_slide=&#8221;1%&#8221; border_color_bottom=&#8221;#E02B20&#8243; global_colors_info=&#8221;{}&#8221;]<\/p>\n<p>La sesi\u00f3n con modelo vivo es un encuentro dedicado al an\u00e1lisis profundo de la anatom\u00eda, a la creaci\u00f3n espont\u00e1nea y a la experimentaci\u00f3n. La m\u00fasica acompa\u00f1a la escena generando un clima distendido y ameno. El momento ideal para reencontrarnos con nuestro ser creativo y curioso, probar materiales, y arriesgarnos a soltar el trazo o modelar sin restricciones.<\/p>\n<p>Es una oportunidad tambi\u00e9n para asimilar conceptos de anatom\u00eda y bajarlos del plano te\u00f3rico para vivenciar las estructuras anat\u00f3micas alteradas por el movimiento, el equilibrio y la gravedad.<\/p>\n<p>Cada encuentro \u2013que puede ser presencial o virtual\u2013 se propone una b\u00fasqueda diferente y cada participante cuenta con nuestra gu\u00eda y apoyo permanente.<\/p>\n<p>La idea es compartir un momento en el que el di\u00e1logo entre la teor\u00eda y la pr\u00e1ctica son los protagonistas.<\/p>\n<p>En esta propuesta es bienvenido todo aquel que se aventure al dibujo o al modelado, m\u00e1s all\u00e1 de su experiencia previa.<\/p>\n<p>[\/et_pb_text][\/et_pb_column][\/et_pb_row][\/et_pb_section][et_pb_section fb_built=&#8221;1&#8243; _builder_version=&#8221;4.14.6&#8243; _module_preset=&#8221;default&#8221; custom_padding=&#8221;4px|||||&#8221; global_colors_info=&#8221;{}&#8221;][et_pb_row _builder_version=&#8221;4.14.6&#8243; _module_preset=&#8221;default&#8221; custom_margin=&#8221;-1px|auto||auto||&#8221; custom_padding=&#8221;2px|||||&#8221; animation_style=&#8221;slide&#8221; animation_direction=&#8221;bottom&#8221; animation_intensity_slide=&#8221;1%&#8221; global_colors_info=&#8221;{}&#8221;][et_pb_column type=&#8221;4_4&#8243; _builder_version=&#8221;4.14.6&#8243; _module_preset=&#8221;default&#8221; global_colors_info=&#8221;{}&#8221;][dnxte_masonary gallery_ids=&#8221;573,575,579,587,588,590,592,595,600&#8243; dnxte_columns=&#8221;3&#8243; dnxte_gutter=&#8221;2&#8243; use_overlay=&#8221;on&#8221; hover_overlay_color=&#8221;rgba(224,11,0,0.69)&#8221; overlay_icon_color=&#8221;#E02B20&#8243; hover_icon=&#8221;&#x55;||divi||400&#8243; icon_bg=&#8221;RGBA(255,255,255,0)&#8221; icon_border_color=&#8221;RGBA(255,255,255,0)&#8221; dnxte_show_title_and_caption=&#8221;off&#8221; dnxte_columns_tablet=&#8221;2&#8243; dnxte_columns_phone=&#8221;1&#8243; dnxte_columns_last_edited=&#8221;on|desktop&#8221; _builder_version=&#8221;4.14.7&#8243; _module_preset=&#8221;default&#8221; width_tablet=&#8221;&#8221; width_phone=&#8221;&#8221; width_last_edited=&#8221;on|phone&#8221; animation_style=&#8221;fade&#8221; animation_duration=&#8221;1800ms&#8221; border_color_all_image=&#8221;#E02B20&#8243; global_colors_info=&#8221;{}&#8221;][\/dnxte_masonary][\/et_pb_column][\/et_pb_row][\/et_pb_section]<\/p>\n","protected":false},"excerpt":{"rendered":"<p>jams con modelo vivoLa sesi\u00f3n con modelo vivo es un encuentro dedicado al an\u00e1lisis profundo de la anatom\u00eda, a la creaci\u00f3n espont\u00e1nea y a la experimentaci\u00f3n. La m\u00fasica acompa\u00f1a la escena generando un clima distendido y ameno. El momento ideal para reencontrarnos con nuestro ser creativo y curioso, probar materiales, y arriesgarnos a soltar el [&hellip;]<\/p>\n","protected":false},"author":1,"featured_media":0,"parent":0,"menu_order":0,"comment_status":"closed","ping_status":"closed","template":"","meta":{"_et_pb_use_builder":"on","_et_pb_old_content":"","_et_gb_content_width":"","_joinchat":[],"footnotes":""},"class_list":["post-507","page","type-page","status-publish","hentry"],"_links":{"self":[{"href":"https:\/\/abrilbarrado.com\/index.php\/wp-json\/wp\/v2\/pages\/507","targetHints":{"allow":["GET"]}}],"collection":[{"href":"https:\/\/abrilbarrado.com\/index.php\/wp-json\/wp\/v2\/pages"}],"about":[{"href":"https:\/\/abrilbarrado.com\/index.php\/wp-json\/wp\/v2\/types\/page"}],"author":[{"embeddable":true,"href":"https:\/\/abrilbarrado.com\/index.php\/wp-json\/wp\/v2\/users\/1"}],"replies":[{"embeddable":true,"href":"https:\/\/abrilbarrado.com\/index.php\/wp-json\/wp\/v2\/comments?post=507"}],"version-history":[{"count":30,"href":"https:\/\/abrilbarrado.com\/index.php\/wp-json\/wp\/v2\/pages\/507\/revisions"}],"predecessor-version":[{"id":1326,"href":"https:\/\/abrilbarrado.com\/index.php\/wp-json\/wp\/v2\/pages\/507\/revisions\/1326"}],"wp:attachment":[{"href":"https:\/\/abrilbarrado.com\/index.php\/wp-json\/wp\/v2\/media?parent=507"}],"curies":[{"name":"wp","href":"https:\/\/api.w.org\/{rel}","templated":true}]}}