{"id":510,"date":"2022-01-19T19:13:47","date_gmt":"2022-01-19T19:13:47","guid":{"rendered":"https:\/\/abrilbarrado.com\/?page_id=510"},"modified":"2022-03-08T14:06:21","modified_gmt":"2022-03-08T14:06:21","slug":"escuela-y-comunidad","status":"publish","type":"page","link":"https:\/\/abrilbarrado.com\/index.php\/escuela-y-comunidad\/","title":{"rendered":"Escuela y comunidad"},"content":{"rendered":"<p>[et_pb_section fb_built=&#8221;1&#8243; _builder_version=&#8221;4.14.8&#8243; _module_preset=&#8221;default&#8221; background_enable_color=&#8221;off&#8221; background_color_gradient_start=&#8221;#ffffff&#8221; background_color_gradient_end=&#8221;#ffffff&#8221; background_color_gradient_direction=&#8221;181deg&#8221; background_image=&#8221;https:\/\/abrilbarrado.com\/wp-content\/uploads\/2022\/03\/collage.jpg&#8221; background_size=&#8221;contain&#8221; background_repeat=&#8221;repeat-x&#8221; height=&#8221;600px&#8221; height_tablet=&#8221;&#8221; height_phone=&#8221;&#8221; height_last_edited=&#8221;on|desktop&#8221; custom_margin=&#8221;||||false|false&#8221; custom_padding=&#8221;||||false|false&#8221; top_divider_height=&#8221;40px&#8221; bottom_divider_height=&#8221;40px&#8221; bottom_divider_flip=&#8221;vertical&#8221; animation_style=&#8221;slide&#8221; animation_direction=&#8221;top&#8221; animation_duration=&#8221;1200ms&#8221; animation_intensity_slide=&#8221;2%&#8221; locked=&#8221;off&#8221; global_colors_info=&#8221;{}&#8221;][\/et_pb_section][et_pb_section fb_built=&#8221;1&#8243; _builder_version=&#8221;4.14.6&#8243; _module_preset=&#8221;default&#8221; custom_padding=&#8221;20px|||||&#8221; global_colors_info=&#8221;{}&#8221;][et_pb_row _builder_version=&#8221;4.14.6&#8243; _module_preset=&#8221;default&#8221; custom_margin=&#8221;18px|auto||auto||&#8221; locked=&#8221;off&#8221; global_colors_info=&#8221;{}&#8221;][et_pb_column type=&#8221;4_4&#8243; _builder_version=&#8221;4.14.6&#8243; _module_preset=&#8221;default&#8221; global_colors_info=&#8221;{}&#8221;][et_pb_text _builder_version=&#8221;4.14.8&#8243; _module_preset=&#8221;default&#8221; text_font=&#8221;|300||on|||||&#8221; text_text_color=&#8221;#E02B20&#8243; text_font_size=&#8221;17px&#8221; text_letter_spacing=&#8221;2px&#8221; custom_padding=&#8221;||||false|false&#8221; custom_padding_tablet=&#8221;|||15px|false|false&#8221; custom_padding_phone=&#8221;|||15px|false|false&#8221; custom_padding_last_edited=&#8221;on|desktop&#8221; animation_style=&#8221;slide&#8221; animation_direction=&#8221;bottom&#8221; animation_duration=&#8221;900ms&#8221; animation_intensity_slide=&#8221;5%&#8221; locked=&#8221;off&#8221; global_colors_info=&#8221;{}&#8221;]<\/p>\n<p>escuela y comunidad<\/p>\n<p>[\/et_pb_text][\/et_pb_column][\/et_pb_row][et_pb_row _builder_version=&#8221;4.14.6&#8243; _module_preset=&#8221;default&#8221; locked=&#8221;off&#8221; global_colors_info=&#8221;{}&#8221;][et_pb_column type=&#8221;4_4&#8243; _builder_version=&#8221;4.14.6&#8243; _module_preset=&#8221;default&#8221; global_colors_info=&#8221;{}&#8221;][et_pb_text _builder_version=&#8221;4.14.7&#8243; _module_preset=&#8221;default&#8221; text_font=&#8221;|300|||||||&#8221; text_text_color=&#8221;#000000&#8243; text_font_size=&#8221;18px&#8221; text_letter_spacing=&#8221;0.1px&#8221; text_orientation=&#8221;justified&#8221; animation_style=&#8221;slide&#8221; animation_direction=&#8221;bottom&#8221; animation_duration=&#8221;1200ms&#8221; animation_delay=&#8221;100ms&#8221; animation_intensity_slide=&#8221;1%&#8221; global_colors_info=&#8221;{}&#8221;]<\/p>\n<p>Nos interesa el compromiso con la comunidad por eso, desde la escuela, desarrollamos actividades que acompa\u00f1an instituciones con objetivos solidarios: comedores comunitarios, centros educativos y, tambi\u00e9n, organizaciones que se dedican al rescate y preservaci\u00f3n de los animales. Todo el dinero recaudado se destina a la instituci\u00f3n.<\/p>\n<p>Para adquirir los videos, don\u00e1 el monto que desees a cualquiera de las organizaciones con las que trabaja la Escuela (ver links debajo). Envianos un <span style=\"color: #ff0000;\"><a href=\"https:\/\/api.whatsapp.com\/send?phone=541162356602&amp;text=\" style=\"color: #ff0000;\">WhatsApp<\/a> <\/span>con el comprobante de tu donaci\u00f3n\u00a0 y el t\u00edtulo del video que hayas elegido para que te compartamos el material.<\/p>\n<p>[\/et_pb_text][\/et_pb_column][\/et_pb_row][et_pb_row _builder_version=&#8221;4.14.6&#8243; _module_preset=&#8221;default&#8221; locked=&#8221;off&#8221; global_colors_info=&#8221;{}&#8221;][et_pb_column type=&#8221;4_4&#8243; _builder_version=&#8221;4.14.6&#8243; _module_preset=&#8221;default&#8221; global_colors_info=&#8221;{}&#8221;][et_pb_text _builder_version=&#8221;4.14.8&#8243; _module_preset=&#8221;default&#8221; text_font=&#8221;|300|||||||&#8221; text_text_color=&#8221;#000000&#8243; text_font_size=&#8221;18px&#8221; text_letter_spacing=&#8221;0.1px&#8221; link_font=&#8221;||||||||&#8221; link_text_color=&#8221;#E02B20&#8243; text_orientation=&#8221;justified&#8221; animation_style=&#8221;slide&#8221; animation_direction=&#8221;bottom&#8221; animation_duration=&#8221;1200ms&#8221; animation_delay=&#8221;100ms&#8221; animation_intensity_slide=&#8221;1%&#8221; global_colors_info=&#8221;{}&#8221;]<\/p>\n<p>Talleres de Arte Solidario<\/p>\n<p>Taller de Anatom\u00eda humana para artistas (Duraci\u00f3n: entre 180 y 210 minutos)<br \/>Destinados a la ONG Camino a la Casita (<span><a href=\"http:\/\/caminoalacasita.org\/tu-ayuda-suma\/\">http:\/\/caminoalacasita.org\/<\/a><\/span>)<br \/>Barrio Altos de San Lorenzo (La Plata)<\/p>\n<p>[\/et_pb_text][\/et_pb_column][\/et_pb_row][et_pb_row column_structure=&#8221;1_2,1_2&#8243; use_custom_gutter=&#8221;on&#8221; gutter_width=&#8221;4&#8243; make_equal=&#8221;on&#8221; _builder_version=&#8221;4.14.6&#8243; _module_preset=&#8221;default&#8221; background_color=&#8221;RGBA(255,255,255,0)&#8221; global_colors_info=&#8221;{}&#8221;][et_pb_column type=&#8221;1_2&#8243; _builder_version=&#8221;4.14.6&#8243; _module_preset=&#8221;default&#8221; global_colors_info=&#8221;{}&#8221;][et_pb_image src=&#8221;https:\/\/abrilbarrado.com\/wp-content\/uploads\/2022\/03\/Anatomia-de-la-espalda-scaled.jpg&#8221; title_text=&#8221;Anatom\u00eda de la espalda&#8221; url=&#8221;http:\/\/caminoalacasita.org\/tu-ayuda-suma\/&#8221; url_new_window=&#8221;on&#8221; align=&#8221;center&#8221; _builder_version=&#8221;4.14.7&#8243; _module_preset=&#8221;default&#8221; custom_margin=&#8221;||-2px|||&#8221; animation_style=&#8221;slide&#8221; animation_direction=&#8221;bottom&#8221; animation_duration=&#8221;1100ms&#8221; animation_intensity_slide=&#8221;3%&#8221; locked=&#8221;off&#8221; global_colors_info=&#8221;{}&#8221;][\/et_pb_image][et_pb_text _builder_version=&#8221;4.14.8&#8243; _module_preset=&#8221;default&#8221; text_font=&#8221;|300||on|||||&#8221; text_text_color=&#8221;#000000&#8243; text_font_size=&#8221;18px&#8221; text_letter_spacing=&#8221;2px&#8221; background_enable_color=&#8221;off&#8221; custom_margin=&#8221;0px|0px|0px|0px|false|false&#8221; custom_padding=&#8221;20px|20px|20px|20px|true|true&#8221; animation_style=&#8221;slide&#8221; animation_direction=&#8221;bottom&#8221; animation_intensity_slide=&#8221;3%&#8221; hover_enabled=&#8221;0&#8243; border_radii=&#8221;on|1px|1px|1px|1px&#8221; border_width_bottom=&#8221;2px&#8221; border_color_bottom=&#8221;#E02B20&#8243; locked=&#8221;off&#8221; global_colors_info=&#8221;{}&#8221; sticky_enabled=&#8221;0&#8243;]<\/p>\n<p>Anatom\u00eda de la espalda<\/p>\n<p>[\/et_pb_text][\/et_pb_column][et_pb_column type=&#8221;1_2&#8243; _builder_version=&#8221;4.14.6&#8243; _module_preset=&#8221;default&#8221; global_colors_info=&#8221;{}&#8221;][et_pb_image src=&#8221;https:\/\/abrilbarrado.com\/wp-content\/uploads\/2022\/03\/Anatomia-del-torso-humano-scaled.jpg&#8221; title_text=&#8221;Anatom\u00eda del torso humano&#8221; url=&#8221;http:\/\/caminoalacasita.org\/tu-ayuda-suma\/&#8221; url_new_window=&#8221;on&#8221; align=&#8221;center&#8221; _builder_version=&#8221;4.14.7&#8243; _module_preset=&#8221;default&#8221; custom_margin=&#8221;||0px|||&#8221; animation_style=&#8221;slide&#8221; animation_direction=&#8221;bottom&#8221; animation_duration=&#8221;1100ms&#8221; animation_intensity_slide=&#8221;3%&#8221; locked=&#8221;off&#8221; global_colors_info=&#8221;{}&#8221;][\/et_pb_image][et_pb_text _builder_version=&#8221;4.14.7&#8243; _module_preset=&#8221;default&#8221; text_font=&#8221;|300||on|||||&#8221; text_text_color=&#8221;#000000&#8243; text_font_size=&#8221;18px&#8221; text_letter_spacing=&#8221;2px&#8221; custom_margin=&#8221;0px|0px|0px|0px|false|false&#8221; custom_padding=&#8221;20px|20px|20px|20px|true|true&#8221; animation_style=&#8221;slide&#8221; animation_direction=&#8221;bottom&#8221; animation_intensity_slide=&#8221;3%&#8221; border_width_bottom=&#8221;2px&#8221; border_color_bottom=&#8221;#E02B20&#8243; locked=&#8221;off&#8221; global_colors_info=&#8221;{}&#8221; background_enable_color=&#8221;off&#8221; border_radii=&#8221;on|1px|1px|1px|1px&#8221;]<\/p>\n<p>Anatom\u00eda del torso humano<\/p>\n<p>[\/et_pb_text][\/et_pb_column][\/et_pb_row][et_pb_row column_structure=&#8221;1_2,1_2&#8243; _builder_version=&#8221;4.14.6&#8243; _module_preset=&#8221;default&#8221; global_colors_info=&#8221;{}&#8221;][et_pb_column type=&#8221;1_2&#8243; _builder_version=&#8221;4.14.6&#8243; _module_preset=&#8221;default&#8221; global_colors_info=&#8221;{}&#8221;][et_pb_image src=&#8221;https:\/\/abrilbarrado.com\/wp-content\/uploads\/2022\/03\/Anatomia-de-brazo-y-piernas-scaled.jpg&#8221; title_text=&#8221;Anatom\u00eda de brazo y piernas&#8221; url=&#8221;http:\/\/caminoalacasita.org\/tu-ayuda-suma\/&#8221; url_new_window=&#8221;on&#8221; align=&#8221;center&#8221; _builder_version=&#8221;4.14.7&#8243; _module_preset=&#8221;default&#8221; custom_margin=&#8221;||0px|||&#8221; animation_style=&#8221;slide&#8221; animation_direction=&#8221;bottom&#8221; animation_duration=&#8221;1100ms&#8221; animation_intensity_slide=&#8221;3%&#8221; global_colors_info=&#8221;{}&#8221;][\/et_pb_image][et_pb_text _builder_version=&#8221;4.14.7&#8243; _module_preset=&#8221;default&#8221; text_font=&#8221;|300||on|||||&#8221; text_text_color=&#8221;#000000&#8243; text_font_size=&#8221;18px&#8221; text_letter_spacing=&#8221;2px&#8221; custom_margin=&#8221;0px|0px|0px|0px|false|false&#8221; custom_padding=&#8221;20px|20px|20px|20px|true|true&#8221; animation_style=&#8221;slide&#8221; animation_direction=&#8221;bottom&#8221; animation_intensity_slide=&#8221;3%&#8221; border_radii=&#8221;on|1px|1px|1px|1px&#8221; border_width_bottom=&#8221;2px&#8221; border_color_bottom=&#8221;#E02B20&#8243; locked=&#8221;off&#8221; global_colors_info=&#8221;{}&#8221; background_enable_color=&#8221;off&#8221;]<\/p>\n<p>Anatomia de brazo y piernas<\/p>\n<p>[\/et_pb_text][\/et_pb_column][et_pb_column type=&#8221;1_2&#8243; _builder_version=&#8221;4.14.6&#8243; _module_preset=&#8221;default&#8221; global_colors_info=&#8221;{}&#8221;][et_pb_image src=&#8221;https:\/\/abrilbarrado.com\/wp-content\/uploads\/2022\/03\/Anatomia-de-manos-y-pies-scaled.jpg&#8221; title_text=&#8221;Anatom\u00eda de manos y pies&#8221; url=&#8221;http:\/\/caminoalacasita.org\/tu-ayuda-suma\/&#8221; url_new_window=&#8221;on&#8221; align=&#8221;center&#8221; _builder_version=&#8221;4.14.7&#8243; _module_preset=&#8221;default&#8221; custom_margin=&#8221;||0px|||&#8221; animation_style=&#8221;slide&#8221; animation_direction=&#8221;bottom&#8221; animation_duration=&#8221;1100ms&#8221; animation_intensity_slide=&#8221;3%&#8221; locked=&#8221;off&#8221; global_colors_info=&#8221;{}&#8221;][\/et_pb_image][et_pb_text _builder_version=&#8221;4.14.7&#8243; _module_preset=&#8221;default&#8221; text_font=&#8221;|300||on|||||&#8221; text_text_color=&#8221;#000000&#8243; text_font_size=&#8221;18px&#8221; text_letter_spacing=&#8221;2px&#8221; custom_margin=&#8221;0px|0px|0px|0px|false|false&#8221; custom_padding=&#8221;20px|20px|20px|20px|true|true&#8221; animation_style=&#8221;slide&#8221; animation_direction=&#8221;bottom&#8221; animation_intensity_slide=&#8221;3%&#8221; border_radii=&#8221;on|1px|1px|1px|1px&#8221; border_width_bottom=&#8221;2px&#8221; border_color_bottom=&#8221;#E02B20&#8243; locked=&#8221;off&#8221; global_colors_info=&#8221;{}&#8221; background_enable_color=&#8221;off&#8221;]<\/p>\n<p>Anatom\u00eda de manos y pies<\/p>\n<p>[\/et_pb_text][\/et_pb_column][\/et_pb_row][et_pb_row _builder_version=&#8221;4.14.6&#8243; _module_preset=&#8221;default&#8221; locked=&#8221;off&#8221; global_colors_info=&#8221;{}&#8221;][et_pb_column type=&#8221;4_4&#8243; _builder_version=&#8221;4.14.6&#8243; _module_preset=&#8221;default&#8221; global_colors_info=&#8221;{}&#8221;][et_pb_text _builder_version=&#8221;4.14.8&#8243; _module_preset=&#8221;default&#8221; text_font=&#8221;|300|||||||&#8221; text_text_color=&#8221;#000000&#8243; text_font_size=&#8221;18px&#8221; text_letter_spacing=&#8221;0.1px&#8221; link_font=&#8221;||||||||&#8221; link_text_color=&#8221;#E02B20&#8243; text_orientation=&#8221;justified&#8221; animation_style=&#8221;slide&#8221; animation_direction=&#8221;bottom&#8221; animation_duration=&#8221;1200ms&#8221; animation_delay=&#8221;100ms&#8221; animation_intensity_slide=&#8221;1%&#8221; global_colors_info=&#8221;{}&#8221;]<\/p>\n<p>Talleres de anatom\u00eda del caballo, del perro, de los felinos y de los simios (Duraci\u00f3n: entre 180 y 210 minutos)<\/p>\n<p>Destinados a ACMA (<a href=\"https:\/\/www.acma.org.ar\/como-ayudarnos\/\" target=\"_blank\" rel=\"noopener\">https:\/\/www.acma.org.ar\/<\/a>)<br \/>Proyecto 4 patas <a href=\"https:\/\/www.proyecto4patas.org\/dona\/\" target=\"_blank\" rel=\"noopener\">https:\/\/www.instagram.com\/proyecto4patas<\/a><br \/>Proyecto Pumakawa <a href=\"https:\/\/www.instagram.com\/pumakawareserva\/\" target=\"_blank\" rel=\"noopener\">https:\/\/www.instagram.com\/pumakawareserva\/<\/a><br \/>Proyecto Caray\u00e1 <a href=\"https:\/\/caraya.org\/donar\/\" target=\"_blank\" rel=\"noopener\">https:\/\/caraya.org\/<\/a><\/p>\n<p>[\/et_pb_text][\/et_pb_column][\/et_pb_row][et_pb_row column_structure=&#8221;1_4,1_4,1_4,1_4&#8243; use_custom_gutter=&#8221;on&#8221; gutter_width=&#8221;1&#8243; make_equal=&#8221;on&#8221; _builder_version=&#8221;4.14.7&#8243; _module_preset=&#8221;default&#8221; width=&#8221;100%&#8221; global_colors_info=&#8221;{}&#8221;][et_pb_column type=&#8221;1_4&#8243; _builder_version=&#8221;4.14.7&#8243; _module_preset=&#8221;default&#8221; global_colors_info=&#8221;{}&#8221;][et_pb_image src=&#8221;https:\/\/abrilbarrado.com\/wp-content\/uploads\/2022\/03\/caballos&#8211;scaled.jpg&#8221; title_text=&#8221;caballos&#8221; url=&#8221;https:\/\/www.acma.org.ar\/como-ayudarnos\/&#8221; url_new_window=&#8221;on&#8221; _builder_version=&#8221;4.14.7&#8243; _module_preset=&#8221;default&#8221; animation_style=&#8221;slide&#8221; animation_direction=&#8221;bottom&#8221; animation_intensity_slide=&#8221;1%&#8221; global_colors_info=&#8221;{}&#8221;][\/et_pb_image][et_pb_text _builder_version=&#8221;4.14.8&#8243; _module_preset=&#8221;default&#8221; text_font=&#8221;|300||on|||||&#8221; text_text_color=&#8221;#E02B20&#8243; text_font_size=&#8221;18px&#8221; text_letter_spacing=&#8221;2px&#8221; text_orientation=&#8221;center&#8221; animation_style=&#8221;slide&#8221; animation_direction=&#8221;bottom&#8221; animation_duration=&#8221;900ms&#8221; animation_intensity_slide=&#8221;5%&#8221; locked=&#8221;off&#8221; global_colors_info=&#8221;{}&#8221;]<\/p>\n<p>Caballos<\/p>\n<p>[\/et_pb_text][\/et_pb_column][et_pb_column type=&#8221;1_4&#8243; _builder_version=&#8221;4.14.6&#8243; _module_preset=&#8221;default&#8221; global_colors_info=&#8221;{}&#8221;][et_pb_image src=&#8221;https:\/\/abrilbarrado.com\/wp-content\/uploads\/2022\/03\/perros-scaled.jpg&#8221; title_text=&#8221;perros&#8221; url=&#8221;https:\/\/www.proyecto4patas.org\/dona\/&#8221; url_new_window=&#8221;on&#8221; _builder_version=&#8221;4.14.7&#8243; _module_preset=&#8221;default&#8221; animation_style=&#8221;slide&#8221; animation_direction=&#8221;bottom&#8221; animation_delay=&#8221;50ms&#8221; animation_intensity_slide=&#8221;1%&#8221; locked=&#8221;off&#8221; global_colors_info=&#8221;{}&#8221;][\/et_pb_image][et_pb_text _builder_version=&#8221;4.14.6&#8243; _module_preset=&#8221;default&#8221; text_font=&#8221;|300||on|||||&#8221; text_text_color=&#8221;#E02B20&#8243; text_font_size=&#8221;18px&#8221; text_letter_spacing=&#8221;2px&#8221; text_orientation=&#8221;center&#8221; animation_style=&#8221;slide&#8221; animation_direction=&#8221;bottom&#8221; animation_duration=&#8221;900ms&#8221; animation_intensity_slide=&#8221;5%&#8221; locked=&#8221;off&#8221; global_colors_info=&#8221;{}&#8221;]<\/p>\n<p>Perros<\/p>\n<p>[\/et_pb_text][\/et_pb_column][et_pb_column type=&#8221;1_4&#8243; _builder_version=&#8221;4.14.6&#8243; _module_preset=&#8221;default&#8221; global_colors_info=&#8221;{}&#8221;][et_pb_image src=&#8221;https:\/\/abrilbarrado.com\/wp-content\/uploads\/2022\/03\/felinos-scaled.jpg&#8221; title_text=&#8221;felinos&#8221; url=&#8221;https:\/\/www.instagram.com\/pumakawareserva\/&#8221; url_new_window=&#8221;on&#8221; _builder_version=&#8221;4.14.7&#8243; _module_preset=&#8221;default&#8221; animation_style=&#8221;slide&#8221; animation_direction=&#8221;bottom&#8221; animation_delay=&#8221;100ms&#8221; animation_intensity_slide=&#8221;1%&#8221; locked=&#8221;off&#8221; global_colors_info=&#8221;{}&#8221;][\/et_pb_image][et_pb_text _builder_version=&#8221;4.14.7&#8243; _module_preset=&#8221;default&#8221; text_font=&#8221;|300||on|||||&#8221; text_text_color=&#8221;#E02B20&#8243; text_font_size=&#8221;18px&#8221; text_letter_spacing=&#8221;2px&#8221; text_orientation=&#8221;center&#8221; animation_style=&#8221;slide&#8221; animation_direction=&#8221;bottom&#8221; animation_duration=&#8221;900ms&#8221; animation_intensity_slide=&#8221;5%&#8221; locked=&#8221;off&#8221; global_colors_info=&#8221;{}&#8221;]<\/p>\n<p>Felinos<\/p>\n<p>[\/et_pb_text][\/et_pb_column][et_pb_column type=&#8221;1_4&#8243; _builder_version=&#8221;4.14.6&#8243; _module_preset=&#8221;default&#8221; global_colors_info=&#8221;{}&#8221;][et_pb_image src=&#8221;https:\/\/abrilbarrado.com\/wp-content\/uploads\/2022\/03\/Primates-scaled.jpg&#8221; title_text=&#8221;Primates&#8221; url=&#8221;https:\/\/caraya.org\/donar\/&#8221; url_new_window=&#8221;on&#8221; _builder_version=&#8221;4.14.7&#8243; _module_preset=&#8221;default&#8221; animation_style=&#8221;slide&#8221; animation_direction=&#8221;bottom&#8221; animation_intensity_slide=&#8221;1%&#8221; global_colors_info=&#8221;{}&#8221;][\/et_pb_image][et_pb_text _builder_version=&#8221;4.14.7&#8243; _module_preset=&#8221;default&#8221; text_font=&#8221;|300||on|||||&#8221; text_text_color=&#8221;#E02B20&#8243; text_font_size=&#8221;18px&#8221; text_letter_spacing=&#8221;2px&#8221; text_orientation=&#8221;center&#8221; animation_style=&#8221;slide&#8221; animation_direction=&#8221;bottom&#8221; animation_duration=&#8221;900ms&#8221; animation_intensity_slide=&#8221;5%&#8221; locked=&#8221;off&#8221; global_colors_info=&#8221;{}&#8221;]<\/p>\n<p>Primates<\/p>\n<p>[\/et_pb_text][\/et_pb_column][\/et_pb_row][et_pb_row _builder_version=&#8221;4.14.6&#8243; _module_preset=&#8221;default&#8221; locked=&#8221;off&#8221; global_colors_info=&#8221;{}&#8221;][et_pb_column type=&#8221;4_4&#8243; _builder_version=&#8221;4.14.6&#8243; _module_preset=&#8221;default&#8221; global_colors_info=&#8221;{}&#8221;][et_pb_text _builder_version=&#8221;4.14.8&#8243; _module_preset=&#8221;default&#8221; text_font=&#8221;|300|||||||&#8221; text_text_color=&#8221;#000000&#8243; text_font_size=&#8221;18px&#8221; text_letter_spacing=&#8221;0.1px&#8221; link_font=&#8221;||||||||&#8221; link_text_color=&#8221;#E02B20&#8243; text_orientation=&#8221;justified&#8221; animation_style=&#8221;slide&#8221; animation_direction=&#8221;bottom&#8221; animation_duration=&#8221;1200ms&#8221; animation_delay=&#8221;100ms&#8221; animation_intensity_slide=&#8221;1%&#8221; locked=&#8221;off&#8221; global_colors_info=&#8221;{}&#8221;]<\/p>\n<p>Animales de nuestra tierra<\/p>\n<p>Destinado a Proyecto 4 patas <a href=\"https:\/\/www.proyecto4patas.org\/dona\/\" target=\"_blank\" rel=\"noopener\">https:\/\/www.instagram.com\/proyecto4patas<\/a><\/p>\n<p>[\/et_pb_text][\/et_pb_column][\/et_pb_row][et_pb_row use_custom_gutter=&#8221;on&#8221; gutter_width=&#8221;4&#8243; make_equal=&#8221;on&#8221; _builder_version=&#8221;4.14.8&#8243; _module_preset=&#8221;default&#8221; global_colors_info=&#8221;{}&#8221;][et_pb_column type=&#8221;4_4&#8243; _builder_version=&#8221;4.14.6&#8243; _module_preset=&#8221;default&#8221; global_colors_info=&#8221;{}&#8221;][et_pb_image src=&#8221;https:\/\/abrilbarrado.com\/wp-content\/uploads\/2022\/03\/Animales-de-Nuestra-Tierra-scaled.jpg&#8221; title_text=&#8221;Animales de Nuestra Tierra&#8221; url=&#8221;https:\/\/www.proyecto4patas.org\/dona\/&#8221; url_new_window=&#8221;on&#8221; _builder_version=&#8221;4.14.7&#8243; _module_preset=&#8221;default&#8221; animation_style=&#8221;slide&#8221; animation_direction=&#8221;bottom&#8221; animation_delay=&#8221;50ms&#8221; animation_intensity_slide=&#8221;1%&#8221; locked=&#8221;off&#8221; global_colors_info=&#8221;{}&#8221;][\/et_pb_image][et_pb_text _builder_version=&#8221;4.14.8&#8243; _module_preset=&#8221;default&#8221; text_font=&#8221;|300||on|||||&#8221; text_text_color=&#8221;#E02B20&#8243; text_font_size=&#8221;18px&#8221; text_letter_spacing=&#8221;2px&#8221; animation_style=&#8221;slide&#8221; animation_direction=&#8221;bottom&#8221; animation_duration=&#8221;900ms&#8221; animation_intensity_slide=&#8221;5%&#8221; locked=&#8221;off&#8221; global_colors_info=&#8221;{}&#8221;]<\/p>\n<p>Animales de Nuestra tierra\u00a0<\/p>\n<p>[\/et_pb_text][\/et_pb_column][\/et_pb_row][\/et_pb_section]<\/p>\n","protected":false},"excerpt":{"rendered":"<p>escuela y comunidadNos interesa el compromiso con la comunidad por eso, desde la escuela, desarrollamos actividades que acompa\u00f1an instituciones con objetivos solidarios: comedores comunitarios, centros educativos y, tambi\u00e9n, organizaciones que se dedican al rescate y preservaci\u00f3n de los animales. Todo el dinero recaudado se destina a la instituci\u00f3n. Para adquirir los videos, don\u00e1 el monto [&hellip;]<\/p>\n","protected":false},"author":1,"featured_media":0,"parent":0,"menu_order":0,"comment_status":"closed","ping_status":"closed","template":"","meta":{"_et_pb_use_builder":"on","_et_pb_old_content":"","_et_gb_content_width":"","_joinchat":[],"footnotes":""},"class_list":["post-510","page","type-page","status-publish","hentry"],"_links":{"self":[{"href":"https:\/\/abrilbarrado.com\/index.php\/wp-json\/wp\/v2\/pages\/510","targetHints":{"allow":["GET"]}}],"collection":[{"href":"https:\/\/abrilbarrado.com\/index.php\/wp-json\/wp\/v2\/pages"}],"about":[{"href":"https:\/\/abrilbarrado.com\/index.php\/wp-json\/wp\/v2\/types\/page"}],"author":[{"embeddable":true,"href":"https:\/\/abrilbarrado.com\/index.php\/wp-json\/wp\/v2\/users\/1"}],"replies":[{"embeddable":true,"href":"https:\/\/abrilbarrado.com\/index.php\/wp-json\/wp\/v2\/comments?post=510"}],"version-history":[{"count":55,"href":"https:\/\/abrilbarrado.com\/index.php\/wp-json\/wp\/v2\/pages\/510\/revisions"}],"predecessor-version":[{"id":1343,"href":"https:\/\/abrilbarrado.com\/index.php\/wp-json\/wp\/v2\/pages\/510\/revisions\/1343"}],"wp:attachment":[{"href":"https:\/\/abrilbarrado.com\/index.php\/wp-json\/wp\/v2\/media?parent=510"}],"curies":[{"name":"wp","href":"https:\/\/api.w.org\/{rel}","templated":true}]}}