{"id":852,"date":"2022-01-28T16:48:58","date_gmt":"2022-01-28T16:48:58","guid":{"rendered":"https:\/\/abrilbarrado.com\/?page_id=852"},"modified":"2022-04-05T02:27:52","modified_gmt":"2022-04-05T02:27:52","slug":"preguntas-frecuentes","status":"publish","type":"page","link":"https:\/\/abrilbarrado.com\/index.php\/preguntas-frecuentes\/","title":{"rendered":"Preguntas frecuentes"},"content":{"rendered":"<p>[et_pb_section fb_built=&#8221;1&#8243; _builder_version=&#8221;4.15&#8243; _module_preset=&#8221;default&#8221; background_enable_color=&#8221;off&#8221; use_background_color_gradient=&#8221;on&#8221; background_color_gradient_start=&#8221;#ffffff&#8221; background_color_gradient_end=&#8221;#000000&#8243; background_color_gradient_direction=&#8221;181deg&#8221; background_image=&#8221;https:\/\/abrilbarrado.com\/wp-content\/uploads\/2022\/01\/banneryoutube.jpg&#8221; background_blend=&#8221;multiply&#8221; height=&#8221;350px&#8221; top_divider_height=&#8221;40px&#8221; bottom_divider_height=&#8221;40px&#8221; bottom_divider_flip=&#8221;vertical&#8221; animation_style=&#8221;slide&#8221; animation_direction=&#8221;top&#8221; animation_duration=&#8221;1200ms&#8221; animation_intensity_slide=&#8221;2%&#8221; locked=&#8221;off&#8221; global_colors_info=&#8221;{}&#8221;][\/et_pb_section][et_pb_section fb_built=&#8221;1&#8243; _builder_version=&#8221;4.15&#8243; _module_preset=&#8221;default&#8221; custom_padding=&#8221;61px|||||&#8221; global_colors_info=&#8221;{}&#8221;][et_pb_row _builder_version=&#8221;4.15&#8243; _module_preset=&#8221;default&#8221; custom_margin=&#8221;50px|auto||auto||&#8221; locked=&#8221;off&#8221; global_colors_info=&#8221;{}&#8221;][et_pb_column type=&#8221;4_4&#8243; _builder_version=&#8221;4.15&#8243; _module_preset=&#8221;default&#8221; global_colors_info=&#8221;{}&#8221;][et_pb_text _builder_version=&#8221;4.15&#8243; _module_preset=&#8221;default&#8221; header_font=&#8221;|300|||||||&#8221; header_text_align=&#8221;left&#8221; header_text_color=&#8221;#E02B20&#8243; header_font_size=&#8221;17px&#8221; custom_margin=&#8221;||0px|||&#8221; animation_style=&#8221;slide&#8221; animation_direction=&#8221;bottom&#8221; animation_duration=&#8221;1100ms&#8221; animation_intensity_slide=&#8221;2%&#8221; border_color_bottom=&#8221;#E02B20&#8243; border_style_bottom=&#8221;dotted&#8221; global_colors_info=&#8221;{}&#8221;]<\/p>\n<h1>PREGUNTAS FRECUENTES<\/h1>\n<p>[\/et_pb_text][\/et_pb_column][\/et_pb_row][et_pb_row _builder_version=&#8221;4.15&#8243; _module_preset=&#8221;default&#8221; global_colors_info=&#8221;{}&#8221;][et_pb_column type=&#8221;4_4&#8243; _builder_version=&#8221;4.15&#8243; _module_preset=&#8221;default&#8221; global_colors_info=&#8221;{}&#8221;][et_pb_accordion _builder_version=&#8221;4.15.1&#8243; _module_preset=&#8221;default&#8221; toggle_font=&#8221;|300|||||||&#8221; toggle_font_size=&#8221;17px&#8221; body_font=&#8221;|300|||||||&#8221; body_text_color=&#8221;#000000&#8243; body_font_size=&#8221;16px&#8221; text_orientation=&#8221;justified&#8221; hover_enabled=&#8221;0&#8243; global_colors_info=&#8221;{}&#8221; border_radii=&#8221;on|20px|20px|20px|20px&#8221; icon_color=&#8221;#E02B20&#8243; sticky_enabled=&#8221;0&#8243;][et_pb_accordion_item title=&#8221;1- \u00bfNecesito tener conocimientos previos?&#8221; open=&#8221;on&#8221; _builder_version=&#8221;4.15.1&#8243; _module_preset=&#8221;default&#8221; text_orientation=&#8221;justified&#8221; hover_enabled=&#8221;0&#8243; global_colors_info=&#8221;{}&#8221; sticky_enabled=&#8221;0&#8243;]<\/p>\n<p><span>&#8211; No, no es necesario tener conocimientos previos.<\/span><\/p>\n<p>[\/et_pb_accordion_item][et_pb_accordion_item title=&#8221;2- \u00bfA partir de qu\u00e9 edad puedo ingresar a los cursos?&#8221; _builder_version=&#8221;4.15&#8243; _module_preset=&#8221;default&#8221; global_colors_info=&#8221;{}&#8221; open=&#8221;off&#8221;]<\/p>\n<p><span>&#8211; A partir de los 16 a\u00f1os.<\/span><\/p>\n<p>[\/et_pb_accordion_item][et_pb_accordion_item title=&#8221;3- \u00bfNunca en mi vida dibuj\u00e9, puedo unirme a los cursos?&#8221; _builder_version=&#8221;4.15&#8243; _module_preset=&#8221;default&#8221; global_colors_info=&#8221;{}&#8221; open=&#8221;off&#8221;]<\/p>\n<p><span>&#8211; Si nunca dibujaste no es aconsejable empezar con anatom\u00eda humana ser\u00eda ideal empezar con el \u201cCurso Preparatorio\u201d.<\/span><\/p>\n<p>[\/et_pb_accordion_item][et_pb_accordion_item title=&#8221;4-Los cursos, \u00bfson presenciales o virtuales?&#8221; _builder_version=&#8221;4.15&#8243; _module_preset=&#8221;default&#8221; global_colors_info=&#8221;{}&#8221; open=&#8221;off&#8221;]<\/p>\n<p><span>&#8211; Todos los cursos workshop y Jam son 100% online en vivo.<\/span><\/p>\n<p>[\/et_pb_accordion_item][et_pb_accordion_item title=&#8221;5- \u00bfQu\u00e9 duraci\u00f3n tienen los cursos?&#8221; _builder_version=&#8221;4.15&#8243; _module_preset=&#8221;default&#8221; global_colors_info=&#8221;{}&#8221; open=&#8221;off&#8221;]<\/p>\n<p><span>&#8211; El formato de todos los cursos es una vez a la semana, 2 horas por clase y la duraci\u00f3n es de 4 meses, 16 clases en total. El curso de \u201cCabeza, manos y pies\u201d, dura dos meses, una vez a la semana, dos horas de clase.<\/span><\/p>\n<p>[\/et_pb_accordion_item][et_pb_accordion_item title=&#8221;6- \u00bfSe otorga alg\u00fan certificado al finalizar el curso?&#8221; _builder_version=&#8221;4.15&#8243; _module_preset=&#8221;default&#8221; global_colors_info=&#8221;{}&#8221; open=&#8221;off&#8221;]<\/p>\n<p><span>-S\u00ed, al final de cada curso tendr\u00e1s un certificado de participaci\u00f3n.<\/span><\/p>\n<p>[\/et_pb_accordion_item][et_pb_accordion_item title=&#8221;7- \u00bfLas clases quedan grabadas?&#8221; _builder_version=&#8221;4.15&#8243; _module_preset=&#8221;default&#8221; global_colors_info=&#8221;{}&#8221; open=&#8221;off&#8221;]<\/p>\n<p><span>&#8211; S\u00ed, las clases quedan grabadas y disponibles hasta 30 d\u00edas despu\u00e9s de terminado el curso.<\/span><\/p>\n<p>[\/et_pb_accordion_item][\/et_pb_accordion][\/et_pb_column][\/et_pb_row][\/et_pb_section]<\/p>\n","protected":false},"excerpt":{"rendered":"<p>PREGUNTAS FRECUENTES- No, no es necesario tener conocimientos previos.- A partir de los 16 a\u00f1os.- Si nunca dibujaste no es aconsejable empezar con anatom\u00eda humana ser\u00eda ideal empezar con el \u201cCurso Preparatorio\u201d.- Todos los cursos workshop y Jam son 100% online en vivo.- El formato de todos los cursos es una vez a la semana, [&hellip;]<\/p>\n","protected":false},"author":1,"featured_media":0,"parent":0,"menu_order":0,"comment_status":"closed","ping_status":"closed","template":"","meta":{"_et_pb_use_builder":"on","_et_pb_old_content":"","_et_gb_content_width":"","_joinchat":[],"footnotes":""},"class_list":["post-852","page","type-page","status-publish","hentry"],"_links":{"self":[{"href":"https:\/\/abrilbarrado.com\/index.php\/wp-json\/wp\/v2\/pages\/852","targetHints":{"allow":["GET"]}}],"collection":[{"href":"https:\/\/abrilbarrado.com\/index.php\/wp-json\/wp\/v2\/pages"}],"about":[{"href":"https:\/\/abrilbarrado.com\/index.php\/wp-json\/wp\/v2\/types\/page"}],"author":[{"embeddable":true,"href":"https:\/\/abrilbarrado.com\/index.php\/wp-json\/wp\/v2\/users\/1"}],"replies":[{"embeddable":true,"href":"https:\/\/abrilbarrado.com\/index.php\/wp-json\/wp\/v2\/comments?post=852"}],"version-history":[{"count":15,"href":"https:\/\/abrilbarrado.com\/index.php\/wp-json\/wp\/v2\/pages\/852\/revisions"}],"predecessor-version":[{"id":1524,"href":"https:\/\/abrilbarrado.com\/index.php\/wp-json\/wp\/v2\/pages\/852\/revisions\/1524"}],"wp:attachment":[{"href":"https:\/\/abrilbarrado.com\/index.php\/wp-json\/wp\/v2\/media?parent=852"}],"curies":[{"name":"wp","href":"https:\/\/api.w.org\/{rel}","templated":true}]}}